{"id":1638,"date":"2020-12-22T16:22:40","date_gmt":"2020-12-22T15:22:40","guid":{"rendered":"https:\/\/hermsenlegal.nl\/home\/"},"modified":"2025-01-14T10:04:49","modified_gmt":"2025-01-14T09:04:49","slug":"home","status":"publish","type":"page","link":"https:\/\/hermsenlegal.nl\/de\/","title":{"rendered":"Home"},"content":{"rendered":"\t<section class=\"section home-seccion1\" id=\"section_1704570064\">\n\t\t<div class=\"bg section-bg fill bg-fill  bg-loaded\" >\n\n\t\t\t\n\t\t\t\n\t\t\t\n\n\t\t<\/div>\n\n\t\t<div class=\"section-content relative\">\n\t\t\t\n<div class=\"slider-wrapper relative\" id=\"slider-5047977\" >\n    <div class=\"slider slider-nav-dots-dashes-spaced slider-nav-simple slider-nav-large slider-nav-dark slider-style-normal\"\n        data-flickity-options='{\n            \"cellAlign\": \"center\",\n            \"imagesLoaded\": true,\n            \"lazyLoad\": 1,\n            \"freeScroll\": false,\n            \"wrapAround\": true,\n            \"autoPlay\": 6000,\n            \"pauseAutoPlayOnHover\" : true,\n            \"prevNextButtons\": true,\n            \"contain\" : true,\n            \"adaptiveHeight\" : true,\n            \"dragThreshold\" : 10,\n            \"percentPosition\": true,\n            \"pageDots\": true,\n            \"rightToLeft\": false,\n            \"draggable\": true,\n            \"selectedAttraction\": 0.1,\n            \"parallax\" : 0,\n            \"friction\": 0.6        }'\n        >\n        \n\n  <div class=\"banner has-hover\" id=\"banner-343831023\">\n          <div class=\"banner-inner fill\">\n        <div class=\"banner-bg fill\" >\n            <div class=\"bg fill bg-fill \"><\/div>\n                                    \n                    <\/div>\n        <div class=\"banner-layers container\">\n            <div class=\"fill banner-link\"><\/div>            \n   <div id=\"text-box-299187452\" class=\"text-box banner-layer x5 md-x5 lg-x5 y90 md-y45 lg-y45 res-text\">\n                                <div class=\"text-box-content text dark\">\n              \n              <div class=\"text-inner text-center\">\n                  \n<div class=\"row row-collapse align-middle\"  id=\"row-610565975\">\n\n\t<div id=\"col-1525172469\" class=\"col medium-6 small-12 large-6\"  data-animate=\"fadeInLeft\">\n\t\t<div class=\"col-inner text-left box-shadow-5\" style=\"background-color:rgba(255, 255, 255, 0.221);\" >\n\t\t\t\n\t\t\t\n\t<div id=\"text-3163418944\" class=\"text\">\n\t\t\n<h1><span style=\"color: #fcfcfc;\">F\u00fcr Unternehmer in Bewegung<\/span><\/h1>\n\t\t\n<style>\n#text-3163418944 {\n  font-size: 0.75rem;\n}\n<\/style>\n\t<\/div>\n\t\n\t<div class=\"img has-hover x md-x lg-x y md-y lg-y\" id=\"image_469293009\">\n\t\t\t\t\t\t\t\t<div class=\"img-inner dark\" >\n\t\t\t<img loading=\"lazy\" decoding=\"async\" width=\"1020\" height=\"638\" src=\"https:\/\/hermsenlegal.nl\/wp-content\/uploads\/2023\/06\/Hermsen-Legal-lijnen-1024x640.png\" class=\"attachment-large size-large\" alt=\"\" srcset=\"https:\/\/hermsenlegal.nl\/wp-content\/uploads\/2023\/06\/Hermsen-Legal-lijnen-1024x640.png 1024w, https:\/\/hermsenlegal.nl\/wp-content\/uploads\/2023\/06\/Hermsen-Legal-lijnen-300x188.png 300w, https:\/\/hermsenlegal.nl\/wp-content\/uploads\/2023\/06\/Hermsen-Legal-lijnen-768x480.png 768w, https:\/\/hermsenlegal.nl\/wp-content\/uploads\/2023\/06\/Hermsen-Legal-lijnen-510x319.png 510w, https:\/\/hermsenlegal.nl\/wp-content\/uploads\/2023\/06\/Hermsen-Legal-lijnen.png 1280w\" sizes=\"auto, (max-width: 1020px) 100vw, 1020px\" \/>\t\t\t\t\t\t\n\t\t\t\t\t<\/div>\n\t\t\t\t\t\t\t\t\n<style>\n#image_469293009 {\n  width: 23%;\n}\n<\/style>\n\t<\/div>\n\t\n\t\t<\/div>\n\t\t\n<style>\n#col-1525172469 > .col-inner {\n  padding: 51px 50px 20px 50px;\n}\n<\/style>\n\t<\/div>\n\n\t\n\n\t<div id=\"col-1303776137\" class=\"col hide-for-small medium-6 small-12 large-6\"  data-animate=\"fadeInLeft\">\n\t\t<div class=\"col-inner\"  >\n\t\t\t\n\t\t\t\n\t\t<\/div>\n\t\t\n<style>\n#col-1303776137 > .col-inner {\n  padding: 0px 0px 0px 25px;\n}\n<\/style>\n\t<\/div>\n\n\t\n<\/div>\n              <\/div>\n           <\/div>\n                            \n<style>\n#text-box-299187452 {\n  width: 100%;\n}\n#text-box-299187452 .text-box-content {\n  font-size: 24%;\n}\n<\/style>\n    <\/div>\n \n        <\/div>\n      <\/div>\n\n            \n<style>\n#banner-343831023 {\n  padding-top: 430px;\n  background-color: rgb(232, 238, 239);\n}\n#banner-343831023 .bg.bg-loaded {\n  background-image: url(https:\/\/hermsenlegal.nl\/wp-content\/uploads\/2023\/06\/HermsenLegal-foto-header1.jpg);\n}\n#banner-343831023 .bg {\n  background-position: 77% 27%;\n}\n@media (min-width:550px) {\n  #banner-343831023 {\n    padding-top: 650px;\n  }\n}\n<\/style>\n  <\/div>\n\n\n     <\/div>\n\n     <div class=\"loading-spin dark large centered\"><\/div>\n\n          <style>\n            #slider-5047977 .flickity-slider > *{ max-width: 100%!important;\n     <\/style>\n     \t<\/div>\n\n\n\t\t<\/div>\n\n\t\t\n<style>\n#section_1704570064 {\n  padding-top: 0px;\n  padding-bottom: 0px;\n  background-color: rgb(232, 238, 239);\n}\n<\/style>\n\t<\/section>\n\t\n\t<section class=\"section\" id=\"section_277111653\">\n\t\t<div class=\"bg section-bg fill bg-fill  bg-loaded\" >\n\n\t\t\t\n\t\t\t\n\t\t\t\n\n\t\t<\/div>\n\n\t\t<div class=\"section-content relative\">\n\t\t\t\n\t<div id=\"gap-1276616877\" class=\"gap-element clearfix hide-for-medium\" style=\"display:block; height:auto;\">\n\t\t\n<style>\n#gap-1276616877 {\n  padding-top: 50px;\n}\n<\/style>\n\t<\/div>\n\t\n<div class=\"row row-large\"  id=\"row-1670629751\">\n\n\t<div id=\"col-1785417232\" class=\"col medium-6 small-12 large-6\"  >\n\t\t<div class=\"col-inner\"  >\n\t\t\t\n\t\t\t\n\t<div id=\"gap-343324870\" class=\"gap-element clearfix show-for-small\" style=\"display:block; height:auto;\">\n\t\t\n<style>\n#gap-343324870 {\n  padding-top: 30px;\n}\n<\/style>\n\t<\/div>\n\t\n\t<div id=\"text-2706255938\" class=\"text\">\n\t\t\n<h3><span data-text-color=\"alert\">Ihr Anwalt f\u00fcr Deutschland<\/span><\/h3>\n\t\t\n<style>\n#text-2706255938 {\n  font-size: 1.5rem;\n  line-height: 1.5;\n}\n<\/style>\n\t<\/div>\n\t\n\t\t<\/div>\n\t\t\t<\/div>\n\n\t\n\n\t<div id=\"col-1357882259\" class=\"col medium-6 small-12 large-6\"  >\n\t\t<div class=\"col-inner\"  >\n\t\t\t\n\t\t\t\n<p>Hermsen Legal kann niederl\u00e4ndischen Unternehmern, die auf dem deutschen Markt Fu\u00df fassen wollen, ausgezeichnete Unterst\u00fctzung bieten Susanne Hermsen-Pfeiffer stammt nicht nur selbst aus Deutschland, sie ist auch seit mehr als 20 Jahren in den Niederlanden als Rechtsanw\u00e4ltin nach deutschem und niederl\u00e4ndischem Recht t\u00e4tig. Sie spricht beide Sprachen, kennt die Kulturen in- und auswendig und ist in beiden Rechtssystemen zu Hause.<\/p>\n\t\t<\/div>\n\t\t\n<style>\n#col-1357882259 > .col-inner {\n  padding: 10px 0px 0px 0px;\n}\n<\/style>\n\t<\/div>\n\n\t\n<\/div>\n\t<div id=\"gap-693092879\" class=\"gap-element clearfix\" style=\"display:block; height:auto;\">\n\t\t\n<style>\n#gap-693092879 {\n  padding-top: 30px;\n}\n<\/style>\n\t<\/div>\n\t\n<div class=\"row\"  id=\"row-1461239602\">\n\n\t<div id=\"col-2025785369\" class=\"col medium-4 small-12 large-4\"  >\n\t\t<div class=\"col-inner\"  >\n\t\t\t\n\t\t\t\n\t<div class=\"box has-hover   has-hover box-default box-text-bottom\" >\n\n\t\t<div class=\"box-image\" >\n\t\t\t<a href=\"\/hossel\/service-page\/\"  >\t\t\t<div class=\"image-glow image-cover\" style=\"padding-top:60%;\">\n\t\t\t\t<img loading=\"lazy\" decoding=\"async\" width=\"1920\" height=\"1280\" src=\"https:\/\/hermsenlegal.nl\/wp-content\/uploads\/2023\/06\/HermsenLegal-foto-header3.jpg\" class=\"attachment- size-\" alt=\"\" srcset=\"https:\/\/hermsenlegal.nl\/wp-content\/uploads\/2023\/06\/HermsenLegal-foto-header3.jpg 1920w, https:\/\/hermsenlegal.nl\/wp-content\/uploads\/2023\/06\/HermsenLegal-foto-header3-300x200.jpg 300w, https:\/\/hermsenlegal.nl\/wp-content\/uploads\/2023\/06\/HermsenLegal-foto-header3-1024x683.jpg 1024w, https:\/\/hermsenlegal.nl\/wp-content\/uploads\/2023\/06\/HermsenLegal-foto-header3-768x512.jpg 768w, https:\/\/hermsenlegal.nl\/wp-content\/uploads\/2023\/06\/HermsenLegal-foto-header3-1536x1024.jpg 1536w, https:\/\/hermsenlegal.nl\/wp-content\/uploads\/2023\/06\/HermsenLegal-foto-header3-510x340.jpg 510w\" sizes=\"auto, (max-width: 1920px) 100vw, 1920px\" \/>\t\t\t\t<div class=\"overlay\" style=\"background-color:rgba(0, 0, 0, 0)\"><\/div>\t\t\t\t\t\t\t<\/div>\n\t\t\t<\/a>\t\t<\/div>\n\n\t\t<div class=\"box-text text-left\" style=\"padding:15px 0px 0px 0px;\">\n\t\t\t<div class=\"box-text-inner\">\n\t\t\t\t\n<h3>\u00dcber Susanne<\/h3>\n\t<div id=\"gap-149675428\" class=\"gap-element clearfix\" style=\"display:block; height:auto;\">\n\t\t\n<style>\n#gap-149675428 {\n  padding-top: 10px;\n}\n<\/style>\n\t<\/div>\n\t\n<p>Susanne wei\u00df, wie wichtig es ist, proaktiv zu denken, um Probleme und Missverst\u00e4ndnisse zu vermeiden, die sich aus kulturellen und sprachlichen Unterschieden ergeben.<\/p>\n<a href=\"https:\/\/hermsenlegal.nl\/de\/uber-susanne\/\" target=\"_self\" class=\"button primary is-link\"  style=\"padding:0 0px 0px 0px;\">\n    <span>Lesen Sie mehr<\/span>\n  <i class=\"icon-angle-right\" ><\/i><\/a>\n\n\t\t\t<\/div>\n\t\t<\/div>\n\t<\/div>\n\t\n\t\t<\/div>\n\t\t\t<\/div>\n\n\t\n\n\t<div id=\"col-1720369054\" class=\"col medium-4 small-12 large-4\"  >\n\t\t<div class=\"col-inner\"  >\n\t\t\t\n\t\t\t\n\t<div class=\"box has-hover   has-hover box-default box-text-bottom\" >\n\n\t\t<div class=\"box-image\" >\n\t\t\t<a href=\"\/hossel\/service-page\/\"  >\t\t\t<div class=\"image-glow image-cover\" style=\"padding-top:60%;\">\n\t\t\t\t<img loading=\"lazy\" decoding=\"async\" width=\"1920\" height=\"1229\" src=\"https:\/\/hermsenlegal.nl\/wp-content\/uploads\/2023\/06\/HermsenLegal-foto-header2.jpg\" class=\"attachment- size-\" alt=\"\" srcset=\"https:\/\/hermsenlegal.nl\/wp-content\/uploads\/2023\/06\/HermsenLegal-foto-header2.jpg 1920w, https:\/\/hermsenlegal.nl\/wp-content\/uploads\/2023\/06\/HermsenLegal-foto-header2-300x192.jpg 300w, https:\/\/hermsenlegal.nl\/wp-content\/uploads\/2023\/06\/HermsenLegal-foto-header2-1024x655.jpg 1024w, https:\/\/hermsenlegal.nl\/wp-content\/uploads\/2023\/06\/HermsenLegal-foto-header2-768x492.jpg 768w, https:\/\/hermsenlegal.nl\/wp-content\/uploads\/2023\/06\/HermsenLegal-foto-header2-1536x983.jpg 1536w, https:\/\/hermsenlegal.nl\/wp-content\/uploads\/2023\/06\/HermsenLegal-foto-header2-510x326.jpg 510w\" sizes=\"auto, (max-width: 1920px) 100vw, 1920px\" \/>\t\t\t\t<div class=\"overlay\" style=\"background-color:rgba(0, 0, 0, 0)\"><\/div>\t\t\t\t\t\t\t<\/div>\n\t\t\t<\/a>\t\t<\/div>\n\n\t\t<div class=\"box-text text-left\" style=\"padding:15px 0px 0px 0px;\">\n\t\t\t<div class=\"box-text-inner\">\n\t\t\t\t\n<h3>Expertise<\/h3>\n\t<div id=\"gap-1609273233\" class=\"gap-element clearfix\" style=\"display:block; height:auto;\">\n\t\t\n<style>\n#gap-1609273233 {\n  padding-top: 10px;\n}\n<\/style>\n\t<\/div>\n\t\n<p class=\"p1\">Susannes Expertise konzentriert sich auf verschiedene Aspekte des deutschen Rechts. Sie hat sich auf die Beratung von Unternehmern in den folgenden Bereichen spezialisiert.<\/p>\n<a href=\"https:\/\/hermsenlegal.nl\/de\/expertise\/\" target=\"_self\" class=\"button primary is-link\"  style=\"padding:0 0px 0px 0px;\">\n    <span>Lesen Sie mehr<\/span>\n  <i class=\"icon-angle-right\" ><\/i><\/a>\n\n\t\t\t<\/div>\n\t\t<\/div>\n\t<\/div>\n\t\n\t\t<\/div>\n\t\t\t<\/div>\n\n\t\n\n\t<div id=\"col-1247804857\" class=\"col medium-4 small-12 large-4\"  >\n\t\t<div class=\"col-inner\"  >\n\t\t\t\n\t\t\t\n\t<div class=\"box has-hover   has-hover box-default box-text-bottom\" >\n\n\t\t<div class=\"box-image\" >\n\t\t\t<a href=\"\/hossel\/service-page\/\"  >\t\t\t<div class=\"image-glow image-cover\" style=\"padding-top:60%;\">\n\t\t\t\t<img loading=\"lazy\" decoding=\"async\" width=\"1925\" height=\"1285\" src=\"https:\/\/hermsenlegal.nl\/wp-content\/uploads\/2023\/06\/hermsen-legal-winkels-snel-banner-web.jpg\" class=\"attachment- size-\" alt=\"\" srcset=\"https:\/\/hermsenlegal.nl\/wp-content\/uploads\/2023\/06\/hermsen-legal-winkels-snel-banner-web.jpg 1925w, https:\/\/hermsenlegal.nl\/wp-content\/uploads\/2023\/06\/hermsen-legal-winkels-snel-banner-web-300x200.jpg 300w, https:\/\/hermsenlegal.nl\/wp-content\/uploads\/2023\/06\/hermsen-legal-winkels-snel-banner-web-1024x684.jpg 1024w, https:\/\/hermsenlegal.nl\/wp-content\/uploads\/2023\/06\/hermsen-legal-winkels-snel-banner-web-768x513.jpg 768w, https:\/\/hermsenlegal.nl\/wp-content\/uploads\/2023\/06\/hermsen-legal-winkels-snel-banner-web-1536x1025.jpg 1536w, https:\/\/hermsenlegal.nl\/wp-content\/uploads\/2023\/06\/hermsen-legal-winkels-snel-banner-web-510x340.jpg 510w\" sizes=\"auto, (max-width: 1925px) 100vw, 1925px\" \/>\t\t\t\t<div class=\"overlay\" style=\"background-color:rgba(0, 0, 0, 0)\"><\/div>\t\t\t\t\t\t\t<\/div>\n\t\t\t<\/a>\t\t<\/div>\n\n\t\t<div class=\"box-text text-left\" style=\"padding:15px 0px 0px 0px;\">\n\t\t\t<div class=\"box-text-inner\">\n\t\t\t\t\n<h3>Kontakt<\/h3>\n\t<div id=\"gap-1884886786\" class=\"gap-element clearfix\" style=\"display:block; height:auto;\">\n\t\t\n<style>\n#gap-1884886786 {\n  padding-top: 10px;\n}\n<\/style>\n\t<\/div>\n\t\n<p>Susanne steht Ihnen mit ihrem Fachwissen und ihrer Erfahrung gerne zur Verf\u00fcgung. Kontaktieren Sie sie f\u00fcr eine professionelle Rechtsberatung.<\/p>\n<a href=\"https:\/\/hermsenlegal.nl\/de\/kontakt\/\" target=\"_self\" class=\"button primary is-link\"  style=\"padding:0 0px 0px 0px;\">\n    <span>Lesen Sie mehr<\/span>\n  <i class=\"icon-angle-right\" ><\/i><\/a>\n\n\t\t\t<\/div>\n\t\t<\/div>\n\t<\/div>\n\t\n\t\t<\/div>\n\t\t\t<\/div>\n\n\t\n<\/div>\n\t\t<\/div>\n\n\t\t\n<style>\n#section_277111653 {\n  padding-top: 0px;\n  padding-bottom: 0px;\n  background-color: rgb(252, 248, 243);\n}\n@media (min-width:550px) {\n  #section_277111653 {\n    padding-top: 50px;\n    padding-bottom: 50px;\n  }\n}\n<\/style>\n\t<\/section>\n\t\n\t<section class=\"section\" id=\"section_1727857345\">\n\t\t<div class=\"bg section-bg fill bg-fill  bg-loaded\" >\n\n\t\t\t\n\t\t\t\n\t\t\t\n\n\t\t<\/div>\n\n\t\t<div class=\"section-content relative\">\n\t\t\t\n\t<div id=\"gap-1551035360\" class=\"gap-element clearfix\" style=\"display:block; height:auto;\">\n\t\t\n<style>\n#gap-1551035360 {\n  padding-top: 30px;\n}\n<\/style>\n\t<\/div>\n\t\n<div class=\"row row-large align-middle\"  id=\"row-2065888539\">\n\n\t<div id=\"col-854239974\" class=\"col medium-6 small-12 large-6\"  >\n\t\t<div class=\"col-inner\"  >\n\t\t\t\n\t\t\t\n\n  <div class=\"banner has-hover has-parallax\" id=\"banner-1685755803\">\n          <div class=\"banner-inner fill\">\n        <div class=\"banner-bg fill\" data-parallax=\"-1\" data-parallax-container=\".banner\" data-parallax-background>\n            <div class=\"bg fill bg-fill \"><\/div>\n                                    \n                    <\/div>\n        <div class=\"banner-layers container\">\n            <div class=\"fill banner-link\"><\/div>            \n        <\/div>\n      <\/div>\n\n            \n<style>\n#banner-1685755803 {\n  padding-top: 56.25%;\n  background-color: rgb(251, 248, 242);\n}\n#banner-1685755803 .bg.bg-loaded {\n  background-image: url(https:\/\/hermsenlegal.nl\/wp-content\/uploads\/2023\/06\/hermsen-legal-straat-900-web.jpg);\n}\n#banner-1685755803 .bg {\n  background-position: 6% 0%;\n}\n<\/style>\n  <\/div>\n\n\n\t\t<\/div>\n\t\t\t<\/div>\n\n\t\n\n\t<div id=\"col-1277347846\" class=\"col medium-6 small-12 large-6\"  >\n\t\t<div class=\"col-inner\"  >\n\t\t\t\n\t\t\t\n\t<div id=\"gap-84044111\" class=\"gap-element clearfix\" style=\"display:block; height:auto;\">\n\t\t\n<style>\n#gap-84044111 {\n  padding-top: 30px;\n}\n<\/style>\n\t<\/div>\n\t\n\t<div id=\"text-3524742383\" class=\"text\">\n\t\t\n<h3><span data-text-color=\"alert\">Sprache, Kultur, Gesetze und Vorschriften<\/span><\/h3>\n\t\t\n<style>\n#text-3524742383 {\n  font-size: 1.5rem;\n}\n<\/style>\n\t<\/div>\n\t\n<p>Deutschland ist f\u00fcr niederl\u00e4ndische Unternehmer attraktiv. Viele Niederl\u00e4nder sind daher bereits auf dem deutschen Markt t\u00e4tig oder wollen in Deutschland Gesch\u00e4fte t\u00e4tigen Das macht Sinn, denn Deutschland ist nicht weit entfernt, viel gr\u00f6\u00dfer und den Niederlanden sehr \u00e4hnlich. Dennoch stellen die Unterschiede in Sprache, Kultur und Gesetzen und Vorschriften eine Herausforderung dar. Hermsen Legal bietet daher gezielte und effiziente Unterst\u00fctzung f\u00fcr Unternehmer.<\/p>\n\t<div id=\"gap-1384075258\" class=\"gap-element clearfix hide-for-medium\" style=\"display:block; height:auto;\">\n\t\t\n<style>\n#gap-1384075258 {\n  padding-top: 10px;\n}\n<\/style>\n\t<\/div>\n\t\n\t\t<\/div>\n\t\t\t<\/div>\n\n\t\n<\/div>\n\t\t<\/div>\n\n\t\t\n<style>\n#section_1727857345 {\n  padding-top: 0px;\n  padding-bottom: 0px;\n}\n@media (min-width:550px) {\n  #section_1727857345 {\n    padding-top: 31px;\n    padding-bottom: 31px;\n  }\n}\n@media (min-width:850px) {\n  #section_1727857345 {\n    padding-top: 80px;\n    padding-bottom: 80px;\n  }\n}\n<\/style>\n\t<\/section>\n\t\n\t<section class=\"section show-for-medium\" id=\"section_2083438024\">\n\t\t<div class=\"bg section-bg fill bg-fill  bg-loaded\" >\n\n\t\t\t\n\t\t\t\n\t\t\t\n\n\t\t<\/div>\n\n\t\t<div class=\"section-content relative\">\n\t\t\t\n\t<div id=\"gap-2010227108\" class=\"gap-element clearfix hide-for-medium\" style=\"display:block; height:auto;\">\n\t\t\n<style>\n#gap-2010227108 {\n  padding-top: 30px;\n}\n<\/style>\n\t<\/div>\n\t\n\t\t<\/div>\n\n\t\t\n<style>\n#section_2083438024 {\n  padding-top: 0px;\n  padding-bottom: 0px;\n}\n@media (min-width:550px) {\n  #section_2083438024 {\n    padding-top: 0px;\n    padding-bottom: 0px;\n  }\n}\n@media (min-width:850px) {\n  #section_2083438024 {\n    padding-top: 80px;\n    padding-bottom: 80px;\n  }\n}\n<\/style>\n\t<\/section>\n\t\n\t<section class=\"section\" id=\"section_659476910\">\n\t\t<div class=\"bg section-bg fill bg-fill  bg-loaded\" >\n\n\t\t\t\n\t\t\t\n\t\t\t\n\n\t\t<\/div>\n\n\t\t<div class=\"section-content relative\">\n\t\t\t\n\t<div id=\"gap-1767458404\" class=\"gap-element clearfix\" style=\"display:block; height:auto;\">\n\t\t\n<style>\n#gap-1767458404 {\n  padding-top: 50px;\n}\n<\/style>\n\t<\/div>\n\t\n<div class=\"row row-large\"  id=\"row-1394573073\">\n\n\t<div id=\"col-1868443651\" class=\"col medium-6 small-12 large-6\"  >\n\t\t<div class=\"col-inner\"  >\n\t\t\t\n\t\t\t\n\t<div id=\"text-2461592309\" class=\"text\">\n\t\t\n<h3><span data-text-color=\"alert\">Die Br\u00fccke nach Deutschland<\/span><\/h3>\n\t\t\n<style>\n#text-2461592309 {\n  font-size: 1.5rem;\n  line-height: 1.5;\n}\n<\/style>\n\t<\/div>\n\t\n\t\t<\/div>\n\t\t\t<\/div>\n\n\t\n\n\t<div id=\"col-865647917\" class=\"col medium-6 small-12 large-6\"  >\n\t\t<div class=\"col-inner\"  >\n\t\t\t\n\t\t\t\n<p>Hermsen Legal kann f\u00fcr Ihr Unternehmen die rechtliche Beratung in Deutschland \u00fcbernehmen. Ob es um den Eintritt in den deutschen Markt, die Gr\u00fcndung oder \u00dcbernahme eines deutschen Unternehmens, die Einstellung von Mitarbeitern, die Gestaltung von Vertr\u00e4gen und Allgemeinen Gesch\u00e4ftsbedingungen nach deutschem Recht oder die Begleitung von Verhandlungen geht. Susanne hat ein grenzenloses Engagement, wenn es darum geht, schnell Ergebnisse zu erzielen und Unternehmen zum Erfolg zu verhelfen.<\/p>\n<a href=\"https:\/\/hermsenlegal.nl\/de\/expertise\/\" target=\"_self\" class=\"button primary is-underline\"  style=\"padding:0 0px 0px 0px;\">\n    <span>Hermsen Legal Expertise<\/span>\n  <\/a>\n\n\t\t<\/div>\n\t\t\n<style>\n#col-865647917 > .col-inner {\n  padding: 10px 0px 0px 0px;\n}\n<\/style>\n\t<\/div>\n\n\t\n<\/div>\n\t<div id=\"gap-427996624\" class=\"gap-element clearfix\" style=\"display:block; height:auto;\">\n\t\t\n<style>\n#gap-427996624 {\n  padding-top: 30px;\n}\n<\/style>\n\t<\/div>\n\t\n\t\t<\/div>\n\n\t\t\n<style>\n#section_659476910 {\n  padding-top: 0px;\n  padding-bottom: 0px;\n  background-color: rgb(252, 248, 243);\n}\n@media (min-width:550px) {\n  #section_659476910 {\n    padding-top: 50px;\n    padding-bottom: 50px;\n  }\n}\n<\/style>\n\t<\/section>\n\t\n","protected":false},"excerpt":{"rendered":"","protected":false},"author":3,"featured_media":0,"parent":0,"menu_order":0,"comment_status":"closed","ping_status":"closed","template":"page-blank.php","meta":{"footnotes":""},"class_list":["post-1638","page","type-page","status-publish","hentry"],"_links":{"self":[{"href":"https:\/\/hermsenlegal.nl\/de\/wp-json\/wp\/v2\/pages\/1638","targetHints":{"allow":["GET"]}}],"collection":[{"href":"https:\/\/hermsenlegal.nl\/de\/wp-json\/wp\/v2\/pages"}],"about":[{"href":"https:\/\/hermsenlegal.nl\/de\/wp-json\/wp\/v2\/types\/page"}],"author":[{"embeddable":true,"href":"https:\/\/hermsenlegal.nl\/de\/wp-json\/wp\/v2\/users\/3"}],"replies":[{"embeddable":true,"href":"https:\/\/hermsenlegal.nl\/de\/wp-json\/wp\/v2\/comments?post=1638"}],"version-history":[{"count":6,"href":"https:\/\/hermsenlegal.nl\/de\/wp-json\/wp\/v2\/pages\/1638\/revisions"}],"predecessor-version":[{"id":1809,"href":"https:\/\/hermsenlegal.nl\/de\/wp-json\/wp\/v2\/pages\/1638\/revisions\/1809"}],"wp:attachment":[{"href":"https:\/\/hermsenlegal.nl\/de\/wp-json\/wp\/v2\/media?parent=1638"}],"curies":[{"name":"wp","href":"https:\/\/api.w.org\/{rel}","templated":true}]}}