{"id":1724,"date":"2023-06-21T13:35:04","date_gmt":"2023-06-21T11:35:04","guid":{"rendered":"https:\/\/hermsenlegal.nl\/expertise\/"},"modified":"2023-08-24T22:03:35","modified_gmt":"2023-08-24T20:03:35","slug":"expertise","status":"publish","type":"page","link":"https:\/\/hermsenlegal.nl\/de\/expertise\/","title":{"rendered":"Expertise"},"content":{"rendered":"\t<section class=\"section dark\" id=\"section_621796078\">\n\t\t<div class=\"bg section-bg fill bg-fill  \" >\n\n\t\t\t\n\t\t\t<div class=\"section-bg-overlay absolute fill\"><\/div>\n\t\t\t\n\n\t\t<\/div>\n\n\t\t<div class=\"section-content relative\">\n\t\t\t\n\t<div id=\"gap-324718729\" class=\"gap-element clearfix\" style=\"display:block; height:auto;\">\n\t\t\n<style>\n#gap-324718729 {\n  padding-top: 30px;\n}\n<\/style>\n\t<\/div>\n\t\n<div class=\"row\"  id=\"row-1964841945\">\n\n\t<div id=\"col-1191236040\" class=\"col medium-8 small-12 large-6\"  >\n\t\t<div class=\"col-inner\"  >\n\t\t\t\n\t\t\t\n\t<div id=\"text-1656369792\" class=\"text\">\n\t\t\n<h1>Ihr Anwalt f\u00fcr Deutschland<\/h1>\n\t\t\n<style>\n#text-1656369792 {\n  font-size: 1.5rem;\n}\n<\/style>\n\t<\/div>\n\t\n\t\t<\/div>\n\t\t\n<style>\n#col-1191236040 > .col-inner {\n  padding: 0px 0px 0px 8px;\n  margin: 0px 0px 0px 0px;\n}\n<\/style>\n\t<\/div>\n\n\t\n<\/div>\n\t\t<\/div>\n\n\t\t\n<style>\n#section_621796078 {\n  padding-top: 60px;\n  padding-bottom: 60px;\n  min-height: 400px;\n  background-color: #d5e6ea;\n}\n#section_621796078 .section-bg-overlay {\n  background-color: rgba(214, 208, 208, 0.517);\n}\n#section_621796078 .section-bg.bg-loaded {\n  background-image: url(https:\/\/hermsenlegal.nl\/wp-content\/uploads\/2023\/06\/HermsenLegal-foto-header2.jpg);\n}\n@media (min-width:550px) {\n  #section_621796078 {\n    padding-top: 80px;\n    padding-bottom: 80px;\n  }\n}\n@media (min-width:850px) {\n  #section_621796078 {\n    padding-top: 110px;\n    padding-bottom: 110px;\n  }\n}\n<\/style>\n\t<\/section>\n\t\n\t<section class=\"section\" id=\"section_138020266\">\n\t\t<div class=\"bg section-bg fill bg-fill  bg-loaded\" >\n\n\t\t\t\n\t\t\t\n\t\t\t\n\n\t\t<\/div>\n\n\t\t<div class=\"section-content relative\">\n\t\t\t\n\t<div id=\"gap-1605941995\" class=\"gap-element clearfix hide-for-medium\" style=\"display:block; height:auto;\">\n\t\t\n<style>\n#gap-1605941995 {\n  padding-top: 50px;\n}\n<\/style>\n\t<\/div>\n\t\n<div class=\"row row-large\"  id=\"row-560661783\">\n\n\t<div id=\"col-847258644\" class=\"col medium-6 small-12 large-6\"  >\n\t\t<div class=\"col-inner\"  >\n\t\t\t\n\t\t\t\n\t<div id=\"gap-751107198\" class=\"gap-element clearfix show-for-small\" style=\"display:block; height:auto;\">\n\t\t\n<style>\n#gap-751107198 {\n  padding-top: 30px;\n}\n<\/style>\n\t<\/div>\n\t\n\t<div id=\"text-2087594583\" class=\"text\">\n\t\t\n<h3><span data-text-color=\"alert\">Gesellschaftsrecht<\/span><\/h3>\n\t\t\n<style>\n#text-2087594583 {\n  font-size: 1.5rem;\n  line-height: 1.5;\n}\n<\/style>\n\t<\/div>\n\t\n\t\t<\/div>\n\t\t\t<\/div>\n\n\t\n\n\t<div id=\"col-248667561\" class=\"col medium-6 small-12 large-6\"  >\n\t\t<div class=\"col-inner\"  >\n\t\t\t\n\t\t\t\n<p>Zusammen mit einem gro\u00dfen Netzwerk an Spezialisten in Deutschland, wie z.B. Notaren, bietet Susanne rechtliche Beratung und Unterst\u00fctzung in jedem Lebenszyklus eines Unternehmens in Deutschland, wie z.B.<\/p>\n<ul>\n<li class=\"bullet-arrow\">Unterst\u00fctzung bei der Gr\u00fcndung eines deutschen Unternehmens<\/li>\n<li class=\"bullet-arrow\">\u00dcbernahmen, Joint Ventures<\/li>\n<li class=\"bullet-arrow\">Gesellschaftervereinbarungen, Gesch\u00e4ftsordnungen<\/li>\n<li class=\"bullet-arrow\">Ernennung und Abberufung von Gesch\u00e4ftsf\u00fchrern<\/li>\n<li class=\"bullet-arrow\">Rechte und Pflichten von Gesch\u00e4ftsf\u00fchrern<\/li>\n<li class=\"bullet-arrow\">Management-Vertr\u00e4ge<\/li>\n<li class=\"bullet-arrow\">Mietvertr\u00e4ge f\u00fcr Gesch\u00e4ftsr\u00e4ume<\/li>\n<li class=\"bullet-arrow\">Arbeitsvertr\u00e4ge<\/li>\n<\/ul>\n\t\t<\/div>\n\t\t\n<style>\n#col-248667561 > .col-inner {\n  padding: 10px 0px 0px 0px;\n}\n<\/style>\n\t<\/div>\n\n\t\n<\/div>\n\t<div id=\"gap-1052508988\" class=\"gap-element clearfix\" style=\"display:block; height:auto;\">\n\t\t\n<style>\n#gap-1052508988 {\n  padding-top: 30px;\n}\n<\/style>\n\t<\/div>\n\t\n<div class=\"row align-center\"  id=\"row-1655941154\">\n\n\t<div id=\"col-1525058838\" class=\"col medium-5 small-12 large-5\"  >\n\t\t<div class=\"col-inner\"  >\n\t\t\t\n\t\t\t\n\t<div class=\"box has-hover   has-hover box-default box-text-bottom\" >\n\n\t\t<div class=\"box-image\" >\n\t\t\t<a href=\"\/hossel\/service-page\/\"  >\t\t\t<div class=\"image-glow image-cover\" style=\"padding-top:60%;\">\n\t\t\t\t<img loading=\"lazy\" decoding=\"async\" width=\"1920\" height=\"1280\" src=\"https:\/\/hermsenlegal.nl\/wp-content\/uploads\/2023\/06\/HermsenLegal-foto-header3.jpg\" class=\"attachment- size-\" alt=\"\" srcset=\"https:\/\/hermsenlegal.nl\/wp-content\/uploads\/2023\/06\/HermsenLegal-foto-header3.jpg 1920w, https:\/\/hermsenlegal.nl\/wp-content\/uploads\/2023\/06\/HermsenLegal-foto-header3-300x200.jpg 300w, https:\/\/hermsenlegal.nl\/wp-content\/uploads\/2023\/06\/HermsenLegal-foto-header3-1024x683.jpg 1024w, https:\/\/hermsenlegal.nl\/wp-content\/uploads\/2023\/06\/HermsenLegal-foto-header3-768x512.jpg 768w, https:\/\/hermsenlegal.nl\/wp-content\/uploads\/2023\/06\/HermsenLegal-foto-header3-1536x1024.jpg 1536w, https:\/\/hermsenlegal.nl\/wp-content\/uploads\/2023\/06\/HermsenLegal-foto-header3-510x340.jpg 510w\" sizes=\"auto, (max-width: 1920px) 100vw, 1920px\" \/>\t\t\t\t<div class=\"overlay\" style=\"background-color:rgba(0, 0, 0, 0)\"><\/div>\t\t\t\t\t\t\t<\/div>\n\t\t\t<\/a>\t\t<\/div>\n\n\t\t<div class=\"box-text text-left\" style=\"padding:15px 0px 0px 0px;\">\n\t\t\t<div class=\"box-text-inner\">\n\t\t\t\t\n<h3>\u00dcber Susanne<\/h3>\n\t<div id=\"gap-1000715525\" class=\"gap-element clearfix\" style=\"display:block; height:auto;\">\n\t\t\n<style>\n#gap-1000715525 {\n  padding-top: 10px;\n}\n<\/style>\n\t<\/div>\n\t\n<p>Susanne wei\u00df, wie wichtig es ist, proaktiv zu denken, um Probleme und Missverst\u00e4ndnisse zu vermeiden, die sich aus kulturellen und sprachlichen Unterschieden ergeben.<\/p>\n<a href=\"https:\/\/hermsenlegal.nl\/de\/uber-susanne\/\" target=\"_self\" class=\"button primary is-link\"  style=\"padding:0 0px 0px 0px;\">\n    <span>Lesen Sie mehr<\/span>\n  <i class=\"icon-angle-right\" ><\/i><\/a>\n\n\t\t\t<\/div>\n\t\t<\/div>\n\t<\/div>\n\t\n\t\t<\/div>\n\t\t\t<\/div>\n\n\t\n\n\t<div id=\"col-1842659656\" class=\"col medium-5 small-12 large-5\"  >\n\t\t<div class=\"col-inner\"  >\n\t\t\t\n\t\t\t\n\t<div class=\"box has-hover   has-hover box-default box-text-bottom\" >\n\n\t\t<div class=\"box-image\" >\n\t\t\t<a href=\"\/hossel\/service-page\/\"  >\t\t\t<div class=\"image-glow image-cover\" style=\"padding-top:60%;\">\n\t\t\t\t<img loading=\"lazy\" decoding=\"async\" width=\"1925\" height=\"1285\" src=\"https:\/\/hermsenlegal.nl\/wp-content\/uploads\/2023\/06\/hermsen-legal-winkels-snel-banner-web.jpg\" class=\"attachment- size-\" alt=\"\" srcset=\"https:\/\/hermsenlegal.nl\/wp-content\/uploads\/2023\/06\/hermsen-legal-winkels-snel-banner-web.jpg 1925w, https:\/\/hermsenlegal.nl\/wp-content\/uploads\/2023\/06\/hermsen-legal-winkels-snel-banner-web-300x200.jpg 300w, https:\/\/hermsenlegal.nl\/wp-content\/uploads\/2023\/06\/hermsen-legal-winkels-snel-banner-web-1024x684.jpg 1024w, https:\/\/hermsenlegal.nl\/wp-content\/uploads\/2023\/06\/hermsen-legal-winkels-snel-banner-web-768x513.jpg 768w, https:\/\/hermsenlegal.nl\/wp-content\/uploads\/2023\/06\/hermsen-legal-winkels-snel-banner-web-1536x1025.jpg 1536w, https:\/\/hermsenlegal.nl\/wp-content\/uploads\/2023\/06\/hermsen-legal-winkels-snel-banner-web-510x340.jpg 510w\" sizes=\"auto, (max-width: 1925px) 100vw, 1925px\" \/>\t\t\t\t<div class=\"overlay\" style=\"background-color:rgba(0, 0, 0, 0)\"><\/div>\t\t\t\t\t\t\t<\/div>\n\t\t\t<\/a>\t\t<\/div>\n\n\t\t<div class=\"box-text text-left\" style=\"padding:15px 0px 0px 0px;\">\n\t\t\t<div class=\"box-text-inner\">\n\t\t\t\t\n<h3>Kontakt<\/h3>\n\t<div id=\"gap-157063956\" class=\"gap-element clearfix\" style=\"display:block; height:auto;\">\n\t\t\n<style>\n#gap-157063956 {\n  padding-top: 10px;\n}\n<\/style>\n\t<\/div>\n\t\n<p>Susanne steht Ihnen mit ihrem Fachwissen und ihrer Erfahrung gerne zur Verf\u00fcgung. Kontaktieren Sie sie f\u00fcr eine professionelle Rechtsberatung.<\/p>\n<a href=\"https:\/\/hermsenlegal.nl\/de\/kontakt\/\" target=\"_self\" class=\"button primary is-link\"  style=\"padding:0 0px 0px 0px;\">\n    <span>Lesen Sie mehr<\/span>\n  <i class=\"icon-angle-right\" ><\/i><\/a>\n\n\t\t\t<\/div>\n\t\t<\/div>\n\t<\/div>\n\t\n\t\t<\/div>\n\t\t\t<\/div>\n\n\t\n<\/div>\n\t\t<\/div>\n\n\t\t\n<style>\n#section_138020266 {\n  padding-top: 0px;\n  padding-bottom: 0px;\n  background-color: rgb(252, 248, 243);\n}\n@media (min-width:550px) {\n  #section_138020266 {\n    padding-top: 50px;\n    padding-bottom: 50px;\n  }\n}\n<\/style>\n\t<\/section>\n\t\n\t<section class=\"section\" id=\"section_157454074\">\n\t\t<div class=\"bg section-bg fill bg-fill  bg-loaded\" >\n\n\t\t\t\n\t\t\t\n\t\t\t\n\n\t\t<\/div>\n\n\t\t<div class=\"section-content relative\">\n\t\t\t\n\t<div id=\"gap-537835224\" class=\"gap-element clearfix\" style=\"display:block; height:auto;\">\n\t\t\n<style>\n#gap-537835224 {\n  padding-top: 30px;\n}\n<\/style>\n\t<\/div>\n\t\n<div class=\"row row-large align-middle\"  id=\"row-2147384517\">\n\n\t<div id=\"col-996403302\" class=\"col medium-6 small-12 large-6\"  >\n\t\t<div class=\"col-inner\"  >\n\t\t\t\n\t\t\t\n\n  <div class=\"banner has-hover has-parallax\" id=\"banner-611371754\">\n          <div class=\"banner-inner fill\">\n        <div class=\"banner-bg fill\" data-parallax=\"-1\" data-parallax-container=\".banner\" data-parallax-background>\n            <div class=\"bg fill bg-fill \"><\/div>\n                                    \n                    <\/div>\n        <div class=\"banner-layers container\">\n            <div class=\"fill banner-link\"><\/div>            \n        <\/div>\n      <\/div>\n\n            \n<style>\n#banner-611371754 {\n  padding-top: 56.25%;\n  background-color: rgb(251, 248, 242);\n}\n#banner-611371754 .bg.bg-loaded {\n  background-image: url(https:\/\/hermsenlegal.nl\/wp-content\/uploads\/2023\/06\/hermsen-legal-straat-900-web.jpg);\n}\n#banner-611371754 .bg {\n  background-position: 6% 0%;\n}\n<\/style>\n  <\/div>\n\n\n\t\t<\/div>\n\t\t\t<\/div>\n\n\t\n\n\t<div id=\"col-1547152168\" class=\"col medium-6 small-12 large-6\"  >\n\t\t<div class=\"col-inner\"  >\n\t\t\t\n\t\t\t\n\t<div id=\"gap-331547489\" class=\"gap-element clearfix\" style=\"display:block; height:auto;\">\n\t\t\n<style>\n#gap-331547489 {\n  padding-top: 30px;\n}\n<\/style>\n\t<\/div>\n\t\n\t<div id=\"text-2891271051\" class=\"text\">\n\t\t\n<h3><span data-text-color=\"alert\">Vertragsrecht<\/span><\/h3>\n\t\t\n<style>\n#text-2891271051 {\n  font-size: 1.5rem;\n  line-height: 1.5;\n}\n<\/style>\n\t<\/div>\n\t\n<p>Entwurf, Verhandlung und \u00dcberpr\u00fcfung von Vertr\u00e4gen, einschlie\u00dflich<\/p>\n<ul>\n<li class=\"bullet-arrow\">Dienstleistungs-, Werkvertr\u00e4ge<\/li>\n<li class=\"bullet-arrow\">Liefervertr\u00e4ge<\/li>\n<li class=\"bullet-arrow\">Verkaufs- und Kaufvertr\u00e4ge<\/li>\n<li class=\"bullet-arrow\">Vertriebsvertr\u00e4ge<\/li>\n<li class=\"bullet-arrow\">Allgemeine Gesch\u00e4ftsbedingungen (AGB)<\/li>\n<\/ul>\n\t<div id=\"gap-601201773\" class=\"gap-element clearfix hide-for-medium\" style=\"display:block; height:auto;\">\n\t\t\n<style>\n#gap-601201773 {\n  padding-top: 10px;\n}\n<\/style>\n\t<\/div>\n\t\n\t\t<\/div>\n\t\t\t<\/div>\n\n\t\n<\/div>\n\t\t<\/div>\n\n\t\t\n<style>\n#section_157454074 {\n  padding-top: 0px;\n  padding-bottom: 0px;\n}\n@media (min-width:550px) {\n  #section_157454074 {\n    padding-top: 31px;\n    padding-bottom: 31px;\n  }\n}\n@media (min-width:850px) {\n  #section_157454074 {\n    padding-top: 80px;\n    padding-bottom: 80px;\n  }\n}\n<\/style>\n\t<\/section>\n\t\n\t<section class=\"section show-for-medium\" id=\"section_17702057\">\n\t\t<div class=\"bg section-bg fill bg-fill  bg-loaded\" >\n\n\t\t\t\n\t\t\t\n\t\t\t\n\n\t\t<\/div>\n\n\t\t<div class=\"section-content relative\">\n\t\t\t\n\t<div id=\"gap-410263010\" class=\"gap-element clearfix hide-for-medium\" style=\"display:block; height:auto;\">\n\t\t\n<style>\n#gap-410263010 {\n  padding-top: 30px;\n}\n<\/style>\n\t<\/div>\n\t\n\t\t<\/div>\n\n\t\t\n<style>\n#section_17702057 {\n  padding-top: 0px;\n  padding-bottom: 0px;\n}\n@media (min-width:550px) {\n  #section_17702057 {\n    padding-top: 0px;\n    padding-bottom: 0px;\n  }\n}\n@media (min-width:850px) {\n  #section_17702057 {\n    padding-top: 80px;\n    padding-bottom: 80px;\n  }\n}\n<\/style>\n\t<\/section>\n\t\n\t<section class=\"section\" id=\"section_1464490175\">\n\t\t<div class=\"bg section-bg fill bg-fill  bg-loaded\" >\n\n\t\t\t\n\t\t\t\n\t\t\t\n\n\t\t<\/div>\n\n\t\t<div class=\"section-content relative\">\n\t\t\t\n\t<div id=\"gap-1591527840\" class=\"gap-element clearfix\" style=\"display:block; height:auto;\">\n\t\t\n<style>\n#gap-1591527840 {\n  padding-top: 50px;\n}\n<\/style>\n\t<\/div>\n\t\n<div class=\"row row-large\"  id=\"row-534949373\">\n\n\t<div id=\"col-899500413\" class=\"col medium-6 small-12 large-6\"  >\n\t\t<div class=\"col-inner\"  >\n\t\t\t\n\t\t\t\n\t<div id=\"text-70727192\" class=\"text\">\n\t\t\n<h3><span data-text-color=\"alert\">Gerichtliche Verfahren<\/span><\/h3>\n\t\t\n<style>\n#text-70727192 {\n  font-size: 1.5rem;\n  line-height: 1.5;\n}\n<\/style>\n\t<\/div>\n\t\n\t\t<\/div>\n\t\t\t<\/div>\n\n\t\n\n\t<div id=\"col-1230434522\" class=\"col medium-6 small-12 large-6\"  >\n\t\t<div class=\"col-inner\"  >\n\t\t\t\n\t\t\t\n<p>Vertretung von Unternehmen in Rechtsstreitigkeiten und Verfahren vor deutschen Gerichten.<\/p>\n\t\t<\/div>\n\t\t\n<style>\n#col-1230434522 > .col-inner {\n  padding: 10px 0px 0px 0px;\n}\n<\/style>\n\t<\/div>\n\n\t\n<\/div>\n\t<div id=\"gap-1429229471\" class=\"gap-element clearfix hide-for-medium\" style=\"display:block; height:auto;\">\n\t\t\n<style>\n#gap-1429229471 {\n  padding-top: 30px;\n}\n<\/style>\n\t<\/div>\n\t\n\t\t<\/div>\n\n\t\t\n<style>\n#section_1464490175 {\n  padding-top: 0px;\n  padding-bottom: 0px;\n  background-color: rgb(252, 248, 243);\n}\n@media (min-width:550px) {\n  #section_1464490175 {\n    padding-top: 50px;\n    padding-bottom: 50px;\n  }\n}\n<\/style>\n\t<\/section>\n\t\n\t<section class=\"section\" id=\"section_666771438\">\n\t\t<div class=\"bg section-bg fill bg-fill  bg-loaded\" >\n\n\t\t\t\n\t\t\t\n\t\t\t\n\n\t\t<\/div>\n\n\t\t<div class=\"section-content relative\">\n\t\t\t\n\t<div id=\"gap-2123379537\" class=\"gap-element clearfix\" style=\"display:block; height:auto;\">\n\t\t\n<style>\n#gap-2123379537 {\n  padding-top: 30px;\n}\n<\/style>\n\t<\/div>\n\t\n<div class=\"row row-large align-middle\"  id=\"row-1785236594\">\n\n\t<div id=\"col-1077751600\" class=\"col medium-6 small-12 large-6\"  >\n\t\t<div class=\"col-inner\"  >\n\t\t\t\n\t\t\t\n\n  <div class=\"banner has-hover has-parallax\" id=\"banner-436869974\">\n          <div class=\"banner-inner fill\">\n        <div class=\"banner-bg fill\" data-parallax=\"-1\" data-parallax-container=\".banner\" data-parallax-background>\n            <div class=\"bg fill bg-fill \"><\/div>\n                                    \n                    <\/div>\n        <div class=\"banner-layers container\">\n            <div class=\"fill banner-link\"><\/div>            \n        <\/div>\n      <\/div>\n\n            \n<style>\n#banner-436869974 {\n  padding-top: 56.25%;\n  background-color: rgb(251, 248, 242);\n}\n#banner-436869974 .bg.bg-loaded {\n  background-image: url(https:\/\/hermsenlegal.nl\/wp-content\/uploads\/2023\/07\/vastgoedprojecten-susanne-hermsen-legal-web-1024x682.jpg);\n}\n#banner-436869974 .bg {\n  background-position: 6% 0%;\n}\n<\/style>\n  <\/div>\n\n\n\t\t<\/div>\n\t\t\t<\/div>\n\n\t\n\n\t<div id=\"col-626579292\" class=\"col medium-6 small-12 large-6\"  >\n\t\t<div class=\"col-inner\"  >\n\t\t\t\n\t\t\t\n\t<div id=\"gap-1503554294\" class=\"gap-element clearfix\" style=\"display:block; height:auto;\">\n\t\t\n<style>\n#gap-1503554294 {\n  padding-top: 30px;\n}\n<\/style>\n\t<\/div>\n\t\n\t<div id=\"text-3414691928\" class=\"text\">\n\t\t\n<h3><span data-text-color=\"alert\">Immobilien-Projekte<\/span><\/h3>\n\t\t\n<style>\n#text-3414691928 {\n  font-size: 1.5rem;\n  line-height: 1.5;\n}\n<\/style>\n\t<\/div>\n\t\n<p>Beratung beim Kauf oder Verkauf von Immobilien in Deutschland.<\/p>\n\t<div id=\"gap-471289481\" class=\"gap-element clearfix hide-for-medium\" style=\"display:block; height:auto;\">\n\t\t\n<style>\n#gap-471289481 {\n  padding-top: 10px;\n}\n<\/style>\n\t<\/div>\n\t\n\t\t<\/div>\n\t\t\t<\/div>\n\n\t\n<\/div>\n\t\t<\/div>\n\n\t\t\n<style>\n#section_666771438 {\n  padding-top: 0px;\n  padding-bottom: 0px;\n}\n@media (min-width:550px) {\n  #section_666771438 {\n    padding-top: 31px;\n    padding-bottom: 31px;\n  }\n}\n@media (min-width:850px) {\n  #section_666771438 {\n    padding-top: 80px;\n    padding-bottom: 80px;\n  }\n}\n<\/style>\n\t<\/section>\n\t\n\t<section class=\"section show-for-medium\" id=\"section_725287380\">\n\t\t<div class=\"bg section-bg fill bg-fill  bg-loaded\" >\n\n\t\t\t\n\t\t\t\n\t\t\t\n\n\t\t<\/div>\n\n\t\t<div class=\"section-content relative\">\n\t\t\t\n\t<div id=\"gap-726635991\" class=\"gap-element clearfix hide-for-medium\" style=\"display:block; height:auto;\">\n\t\t\n<style>\n#gap-726635991 {\n  padding-top: 30px;\n}\n<\/style>\n\t<\/div>\n\t\n\t\t<\/div>\n\n\t\t\n<style>\n#section_725287380 {\n  padding-top: 0px;\n  padding-bottom: 0px;\n}\n@media (min-width:550px) {\n  #section_725287380 {\n    padding-top: 0px;\n    padding-bottom: 0px;\n  }\n}\n@media (min-width:850px) {\n  #section_725287380 {\n    padding-top: 80px;\n    padding-bottom: 80px;\n  }\n}\n<\/style>\n\t<\/section>\n\t\n","protected":false},"excerpt":{"rendered":"","protected":false},"author":3,"featured_media":0,"parent":0,"menu_order":0,"comment_status":"closed","ping_status":"closed","template":"page-blank.php","meta":{"footnotes":""},"class_list":["post-1724","page","type-page","status-publish","hentry"],"_links":{"self":[{"href":"https:\/\/hermsenlegal.nl\/de\/wp-json\/wp\/v2\/pages\/1724","targetHints":{"allow":["GET"]}}],"collection":[{"href":"https:\/\/hermsenlegal.nl\/de\/wp-json\/wp\/v2\/pages"}],"about":[{"href":"https:\/\/hermsenlegal.nl\/de\/wp-json\/wp\/v2\/types\/page"}],"author":[{"embeddable":true,"href":"https:\/\/hermsenlegal.nl\/de\/wp-json\/wp\/v2\/users\/3"}],"replies":[{"embeddable":true,"href":"https:\/\/hermsenlegal.nl\/de\/wp-json\/wp\/v2\/comments?post=1724"}],"version-history":[{"count":4,"href":"https:\/\/hermsenlegal.nl\/de\/wp-json\/wp\/v2\/pages\/1724\/revisions"}],"predecessor-version":[{"id":1740,"href":"https:\/\/hermsenlegal.nl\/de\/wp-json\/wp\/v2\/pages\/1724\/revisions\/1740"}],"wp:attachment":[{"href":"https:\/\/hermsenlegal.nl\/de\/wp-json\/wp\/v2\/media?parent=1724"}],"curies":[{"name":"wp","href":"https:\/\/api.w.org\/{rel}","templated":true}]}}