{"id":1727,"date":"2023-06-21T13:34:15","date_gmt":"2023-06-21T11:34:15","guid":{"rendered":"https:\/\/hermsenlegal.nl\/ueber-susanne\/"},"modified":"2023-08-24T22:04:28","modified_gmt":"2023-08-24T20:04:28","slug":"uber-susanne","status":"publish","type":"page","link":"https:\/\/hermsenlegal.nl\/de\/uber-susanne\/","title":{"rendered":"\u00dcber Susanne"},"content":{"rendered":"\t<section class=\"section dark\" id=\"section_810336808\">\n\t\t<div class=\"bg section-bg fill bg-fill  \" >\n\n\t\t\t\n\t\t\t<div class=\"section-bg-overlay absolute fill\"><\/div>\n\t\t\t\n\n\t\t<\/div>\n\n\t\t<div class=\"section-content relative\">\n\t\t\t\n\t<div id=\"gap-229799501\" class=\"gap-element clearfix\" style=\"display:block; height:auto;\">\n\t\t\n<style>\n#gap-229799501 {\n  padding-top: 30px;\n}\n<\/style>\n\t<\/div>\n\t\n<div class=\"row\"  id=\"row-2028866994\">\n\n\t<div id=\"col-705440731\" class=\"col medium-8 small-12 large-6\"  >\n\t\t<div class=\"col-inner\"  >\n\t\t\t\n\t\t\t\n\t<div id=\"text-3701706730\" class=\"text\">\n\t\t\n<h1>Ihr Anwalt f\u00fcr Deutschland<\/h1>\n\t\t\n<style>\n#text-3701706730 {\n  font-size: 1.5rem;\n}\n<\/style>\n\t<\/div>\n\t\n\t\t<\/div>\n\t\t\t<\/div>\n\n\t\n<\/div>\n\t\t<\/div>\n\n\t\t\n<style>\n#section_810336808 {\n  padding-top: 60px;\n  padding-bottom: 60px;\n  min-height: 400px;\n  background-color: #d5e6ea;\n}\n#section_810336808 .section-bg-overlay {\n  background-color: rgba(214, 208, 208, 0.314);\n}\n#section_810336808 .section-bg.bg-loaded {\n  background-image: url(https:\/\/hermsenlegal.nl\/wp-content\/uploads\/2023\/06\/hermsen-legal-winkels-snel-banner-web.jpg);\n}\n@media (min-width:550px) {\n  #section_810336808 {\n    padding-top: 80px;\n    padding-bottom: 80px;\n  }\n}\n@media (min-width:850px) {\n  #section_810336808 {\n    padding-top: 110px;\n    padding-bottom: 110px;\n  }\n}\n<\/style>\n\t<\/section>\n\t\n\t<section class=\"section\" id=\"section_195144294\">\n\t\t<div class=\"bg section-bg fill bg-fill  bg-loaded\" >\n\n\t\t\t\n\t\t\t\n\t\t\t\n\n\t\t<\/div>\n\n\t\t<div class=\"section-content relative\">\n\t\t\t\n\t<div id=\"gap-1478217080\" class=\"gap-element clearfix hide-for-medium\" style=\"display:block; height:auto;\">\n\t\t\n<style>\n#gap-1478217080 {\n  padding-top: 50px;\n}\n<\/style>\n\t<\/div>\n\t\n<div class=\"row row-large\"  id=\"row-1720773080\">\n\n\t<div id=\"col-145851754\" class=\"col medium-6 small-12 large-6\"  >\n\t\t<div class=\"col-inner\"  >\n\t\t\t\n\t\t\t\n\t<div id=\"gap-1707853552\" class=\"gap-element clearfix show-for-small\" style=\"display:block; height:auto;\">\n\t\t\n<style>\n#gap-1707853552 {\n  padding-top: 30px;\n}\n<\/style>\n\t<\/div>\n\t\n\t<div id=\"text-2897834369\" class=\"text\">\n\t\t\n<h3><span data-text-color=\"alert\">Susanne Hermsen-Pfeiffer<\/span><\/h3>\n\t\t\n<style>\n#text-2897834369 {\n  font-size: 1.5rem;\n  line-height: 1.5;\n}\n<\/style>\n\t<\/div>\n\t\n\t\t<\/div>\n\t\t\t<\/div>\n\n\t\n\n\t<div id=\"col-685916180\" class=\"col medium-6 small-12 large-6\"  >\n\t\t<div class=\"col-inner\"  >\n\t\t\t\n\t\t\t\n<p>Susanne hat in M\u00fcnchen Rechtswissenschaften studiert und ist seit 2001 als Rechtsanw\u00e4ltin t\u00e4tig. Seit 2012 ist sie auch als Rechtsanw\u00e4ltin nach niederl\u00e4ndischem Recht eingeschrieben. Sie arbeitete in Kanzleien in New York, Hongkong und K\u00f6ln sowie mehrere Jahre in Br\u00fcssel, wo sie f\u00fcr den Textilsektor Lobbyt\u00e4tigkeiten erbrachte. Seit 2001 ber\u00e4t sie niederl\u00e4ndische Unternehmer in Deutschland in rechtlichen Fragen. Von 2006 bis 2023 arbeitete sie in internationalen Gro\u00dfkanzleien in den Niederlanden, bevor sie ihre eigene Kanzlei gr\u00fcndete.<\/p>\n\t\t<\/div>\n\t\t\n<style>\n#col-685916180 > .col-inner {\n  padding: 10px 0px 0px 0px;\n}\n<\/style>\n\t<\/div>\n\n\t\n<\/div>\n\t<div id=\"gap-1712225538\" class=\"gap-element clearfix hide-for-medium\" style=\"display:block; height:auto;\">\n\t\t\n<style>\n#gap-1712225538 {\n  padding-top: 30px;\n}\n<\/style>\n\t<\/div>\n\t\n<div class=\"row align-center\"  id=\"row-850325096\">\n\n\t<div id=\"col-1113385761\" class=\"col medium-5 small-12 large-5\"  >\n\t\t<div class=\"col-inner\"  >\n\t\t\t\n\t\t\t\n\t<div class=\"box has-hover   has-hover box-default box-text-bottom\" >\n\n\t\t<div class=\"box-image\" >\n\t\t\t<a href=\"\/hossel\/service-page\/\"  >\t\t\t<div class=\"image-glow image-cover\" style=\"padding-top:60%;\">\n\t\t\t\t<img loading=\"lazy\" decoding=\"async\" width=\"1920\" height=\"1229\" src=\"https:\/\/hermsenlegal.nl\/wp-content\/uploads\/2023\/06\/HermsenLegal-foto-header2.jpg\" class=\"attachment- size-\" alt=\"\" srcset=\"https:\/\/hermsenlegal.nl\/wp-content\/uploads\/2023\/06\/HermsenLegal-foto-header2.jpg 1920w, https:\/\/hermsenlegal.nl\/wp-content\/uploads\/2023\/06\/HermsenLegal-foto-header2-300x192.jpg 300w, https:\/\/hermsenlegal.nl\/wp-content\/uploads\/2023\/06\/HermsenLegal-foto-header2-1024x655.jpg 1024w, https:\/\/hermsenlegal.nl\/wp-content\/uploads\/2023\/06\/HermsenLegal-foto-header2-768x492.jpg 768w, https:\/\/hermsenlegal.nl\/wp-content\/uploads\/2023\/06\/HermsenLegal-foto-header2-1536x983.jpg 1536w, https:\/\/hermsenlegal.nl\/wp-content\/uploads\/2023\/06\/HermsenLegal-foto-header2-510x326.jpg 510w\" sizes=\"auto, (max-width: 1920px) 100vw, 1920px\" \/>\t\t\t\t<div class=\"overlay\" style=\"background-color:rgba(0, 0, 0, 0)\"><\/div>\t\t\t\t\t\t\t<\/div>\n\t\t\t<\/a>\t\t<\/div>\n\n\t\t<div class=\"box-text text-left\" style=\"padding:15px 0px 0px 0px;\">\n\t\t\t<div class=\"box-text-inner\">\n\t\t\t\t\n<h3>Expertise<\/h3>\n\t<div id=\"gap-1247031058\" class=\"gap-element clearfix\" style=\"display:block; height:auto;\">\n\t\t\n<style>\n#gap-1247031058 {\n  padding-top: 10px;\n}\n<\/style>\n\t<\/div>\n\t\n<p class=\"p1\">Susannes Expertise konzentriert sich auf verschiedene Aspekte des deutschen Rechts. Sie hat sich auf die Beratung von Unternehmern in den folgenden Bereichen spezialisiert.<\/p>\n<a href=\"https:\/\/hermsenlegal.nl\/de\/expertise\/\" target=\"_self\" class=\"button primary is-link\"  style=\"padding:0 0px 0px 0px;\">\n    <span>Lesen Sie mehr<\/span>\n  <i class=\"icon-angle-right\" ><\/i><\/a>\n\n\t\t\t<\/div>\n\t\t<\/div>\n\t<\/div>\n\t\n\t\t<\/div>\n\t\t\t<\/div>\n\n\t\n\n\t<div id=\"col-47857907\" class=\"col medium-5 small-12 large-5\"  >\n\t\t<div class=\"col-inner text-right\"  >\n\t\t\t\n\t\t\t\n\t<div class=\"box has-hover   has-hover box-default box-text-bottom\" >\n\n\t\t<div class=\"box-image\" >\n\t\t\t<a href=\"\/hossel\/service-page\/\"  >\t\t\t<div class=\"image-glow image-cover\" style=\"padding-top:60%;\">\n\t\t\t\t<img loading=\"lazy\" decoding=\"async\" width=\"1925\" height=\"1285\" src=\"https:\/\/hermsenlegal.nl\/wp-content\/uploads\/2023\/06\/hermsen-legal-winkels-snel-banner-web.jpg\" class=\"attachment- size-\" alt=\"\" srcset=\"https:\/\/hermsenlegal.nl\/wp-content\/uploads\/2023\/06\/hermsen-legal-winkels-snel-banner-web.jpg 1925w, https:\/\/hermsenlegal.nl\/wp-content\/uploads\/2023\/06\/hermsen-legal-winkels-snel-banner-web-300x200.jpg 300w, https:\/\/hermsenlegal.nl\/wp-content\/uploads\/2023\/06\/hermsen-legal-winkels-snel-banner-web-1024x684.jpg 1024w, https:\/\/hermsenlegal.nl\/wp-content\/uploads\/2023\/06\/hermsen-legal-winkels-snel-banner-web-768x513.jpg 768w, https:\/\/hermsenlegal.nl\/wp-content\/uploads\/2023\/06\/hermsen-legal-winkels-snel-banner-web-1536x1025.jpg 1536w, https:\/\/hermsenlegal.nl\/wp-content\/uploads\/2023\/06\/hermsen-legal-winkels-snel-banner-web-510x340.jpg 510w\" sizes=\"auto, (max-width: 1925px) 100vw, 1925px\" \/>\t\t\t\t<div class=\"overlay\" style=\"background-color:rgba(0, 0, 0, 0)\"><\/div>\t\t\t\t\t\t\t<\/div>\n\t\t\t<\/a>\t\t<\/div>\n\n\t\t<div class=\"box-text text-left\" style=\"padding:15px 0px 0px 0px;\">\n\t\t\t<div class=\"box-text-inner\">\n\t\t\t\t\n<h3>Kontakt<\/h3>\n\t<div id=\"gap-1107014462\" class=\"gap-element clearfix\" style=\"display:block; height:auto;\">\n\t\t\n<style>\n#gap-1107014462 {\n  padding-top: 10px;\n}\n<\/style>\n\t<\/div>\n\t\n<p>Susanne steht Ihnen mit ihrem Fachwissen und ihrer Erfahrung gerne zur Verf\u00fcgung. Kontaktieren Sie sie f\u00fcr eine professionelle Rechtsberatung.<\/p>\n<a href=\"https:\/\/hermsenlegal.nl\/de\/kontakt\/\" target=\"_self\" class=\"button primary is-link\"  style=\"padding:0 0px 0px 0px;\">\n    <span>Lesen Sie mehr<\/span>\n  <i class=\"icon-angle-right\" ><\/i><\/a>\n\n\t\t\t<\/div>\n\t\t<\/div>\n\t<\/div>\n\t\n\t\t<\/div>\n\t\t\n<style>\n#col-47857907 > .col-inner {\n  padding: 0px 0px 0px 0px;\n  margin: 0px 0px 0px 0px;\n}\n<\/style>\n\t<\/div>\n\n\t\n<\/div>\n\t\t<\/div>\n\n\t\t\n<style>\n#section_195144294 {\n  padding-top: 0px;\n  padding-bottom: 0px;\n  background-color: rgb(252, 248, 243);\n}\n@media (min-width:550px) {\n  #section_195144294 {\n    padding-top: 50px;\n    padding-bottom: 50px;\n  }\n}\n<\/style>\n\t<\/section>\n\t\n\t<section class=\"section\" id=\"section_1857312829\">\n\t\t<div class=\"bg section-bg fill bg-fill  bg-loaded\" >\n\n\t\t\t\n\t\t\t\n\t\t\t\n\n\t\t<\/div>\n\n\t\t<div class=\"section-content relative\">\n\t\t\t\n\t<div id=\"gap-187865439\" class=\"gap-element clearfix\" style=\"display:block; height:auto;\">\n\t\t\n<style>\n#gap-187865439 {\n  padding-top: 30px;\n}\n<\/style>\n\t<\/div>\n\t\n<div class=\"row row-large align-middle\"  id=\"row-551456224\">\n\n\t<div id=\"col-1565362544\" class=\"col medium-6 small-12 large-6\"  >\n\t\t<div class=\"col-inner\"  >\n\t\t\t\n\t\t\t\n\n  <div class=\"banner has-hover has-parallax\" id=\"banner-1243196653\">\n          <div class=\"banner-inner fill\">\n        <div class=\"banner-bg fill\" data-parallax=\"-1\" data-parallax-container=\".banner\" data-parallax-background>\n            <div class=\"bg fill bg-fill \"><\/div>\n                                    \n                    <\/div>\n        <div class=\"banner-layers container\">\n            <div class=\"fill banner-link\"><\/div>            \n        <\/div>\n      <\/div>\n\n            \n<style>\n#banner-1243196653 {\n  padding-top: 84%;\n  background-color: rgb(251, 248, 242);\n}\n#banner-1243196653 .bg.bg-loaded {\n  background-image: url(https:\/\/hermsenlegal.nl\/wp-content\/uploads\/2023\/06\/Susanne-Hermsen-vierkant-1024x1024.png);\n}\n#banner-1243196653 .bg {\n  background-position: 12% 19%;\n}\n<\/style>\n  <\/div>\n\n\n\t\t<\/div>\n\t\t\t<\/div>\n\n\t\n\n\t<div id=\"col-1116360782\" class=\"col medium-6 small-12 large-6\"  >\n\t\t<div class=\"col-inner\"  >\n\t\t\t\n\t\t\t\n\t<div id=\"gap-1184216453\" class=\"gap-element clearfix hide-for-medium\" style=\"display:block; height:auto;\">\n\t\t\n<style>\n#gap-1184216453 {\n  padding-top: 30px;\n}\n<\/style>\n\t<\/div>\n\t\n\t<div id=\"text-2136669331\" class=\"text\">\n\t\t\n<h3><span data-text-color=\"alert\">Rechtsanw\u00e4ltin und Advocaat<\/span><\/h3>\n\t\t\n<style>\n#text-2136669331 {\n  font-size: 1.5rem;\n}\n<\/style>\n\t<\/div>\n\t\n<p>Susanne denkt proaktiv mit, um Probleme und Missverst\u00e4ndnisse aufgrund von kulturellen und sprachlichen Unterschieden zu vermeiden und die Erwartungen der Kunden zu steuern. Auch wenn Deutschland nah ist und die Unterschiede in Sprache, Kultur und Gesetzen und Vorschriften gering erscheinen, sind sie nicht zu untersch\u00e4tzen und k\u00f6nnen \u00fcber Erfolg oder Misserfolg entscheiden.<\/p>\n<p>Aufgrund ihrer umfassenden juristischen Kenntnisse und Erfahrungen ist Susanne in der Lage, \u00fcber viele Aspekte des deutschen Rechts zu beraten. Susanne verbindet ihr fachliches und kulturelles Wissen mit einem hohen Ma\u00df an Engagement und Zuverl\u00e4ssigkeit.<\/p>\n<p>Susanne arbeitet in Deutsch, Niederl\u00e4ndisch und Englisch Aufgrund ihrer internationalen Erfahrung, auch au\u00dferhalb des juristischen Bereichs, ist Susanne nicht nur eine gesch\u00e4tzte Beraterin, sondern auch eine Gespr\u00e4chspartnerin f\u00fcr ihre Mandanten.<\/p>\n\t<div id=\"gap-1890314323\" class=\"gap-element clearfix hide-for-medium\" style=\"display:block; height:auto;\">\n\t\t\n<style>\n#gap-1890314323 {\n  padding-top: 10px;\n}\n<\/style>\n\t<\/div>\n\t\n\t\t<\/div>\n\t\t\t<\/div>\n\n\t\n<\/div>\n\t\t<\/div>\n\n\t\t\n<style>\n#section_1857312829 {\n  padding-top: 0px;\n  padding-bottom: 0px;\n}\n@media (min-width:550px) {\n  #section_1857312829 {\n    padding-top: 31px;\n    padding-bottom: 31px;\n  }\n}\n@media (min-width:850px) {\n  #section_1857312829 {\n    padding-top: 80px;\n    padding-bottom: 80px;\n  }\n}\n<\/style>\n\t<\/section>\n\t\n\t<section class=\"section show-for-medium\" id=\"section_775538757\">\n\t\t<div class=\"bg section-bg fill bg-fill  bg-loaded\" >\n\n\t\t\t\n\t\t\t\n\t\t\t\n\n\t\t<\/div>\n\n\t\t<div class=\"section-content relative\">\n\t\t\t\n\t<div id=\"gap-1906566194\" class=\"gap-element clearfix hide-for-medium\" style=\"display:block; height:auto;\">\n\t\t\n<style>\n#gap-1906566194 {\n  padding-top: 30px;\n}\n<\/style>\n\t<\/div>\n\t\n\t\t<\/div>\n\n\t\t\n<style>\n#section_775538757 {\n  padding-top: 0px;\n  padding-bottom: 0px;\n}\n@media (min-width:550px) {\n  #section_775538757 {\n    padding-top: 0px;\n    padding-bottom: 0px;\n  }\n}\n@media (min-width:850px) {\n  #section_775538757 {\n    padding-top: 80px;\n    padding-bottom: 80px;\n  }\n}\n<\/style>\n\t<\/section>\n\t\n","protected":false},"excerpt":{"rendered":"","protected":false},"author":3,"featured_media":0,"parent":0,"menu_order":0,"comment_status":"closed","ping_status":"closed","template":"page-blank.php","meta":{"footnotes":""},"class_list":["post-1727","page","type-page","status-publish","hentry"],"_links":{"self":[{"href":"https:\/\/hermsenlegal.nl\/de\/wp-json\/wp\/v2\/pages\/1727","targetHints":{"allow":["GET"]}}],"collection":[{"href":"https:\/\/hermsenlegal.nl\/de\/wp-json\/wp\/v2\/pages"}],"about":[{"href":"https:\/\/hermsenlegal.nl\/de\/wp-json\/wp\/v2\/types\/page"}],"author":[{"embeddable":true,"href":"https:\/\/hermsenlegal.nl\/de\/wp-json\/wp\/v2\/users\/3"}],"replies":[{"embeddable":true,"href":"https:\/\/hermsenlegal.nl\/de\/wp-json\/wp\/v2\/comments?post=1727"}],"version-history":[{"count":7,"href":"https:\/\/hermsenlegal.nl\/de\/wp-json\/wp\/v2\/pages\/1727\/revisions"}],"predecessor-version":[{"id":1741,"href":"https:\/\/hermsenlegal.nl\/de\/wp-json\/wp\/v2\/pages\/1727\/revisions\/1741"}],"wp:attachment":[{"href":"https:\/\/hermsenlegal.nl\/de\/wp-json\/wp\/v2\/media?parent=1727"}],"curies":[{"name":"wp","href":"https:\/\/api.w.org\/{rel}","templated":true}]}}