{"id":1781,"date":"2021-04-15T18:29:58","date_gmt":"2021-04-15T16:29:58","guid":{"rendered":"https:\/\/hermsenlegal.nl\/allgemeine-geschaeftsbedingungen\/"},"modified":"2023-08-31T19:49:36","modified_gmt":"2023-08-31T17:49:36","slug":"allgemeine-geschaeftsbedingungen","status":"publish","type":"page","link":"https:\/\/hermsenlegal.nl\/de\/allgemeine-geschaeftsbedingungen\/","title":{"rendered":"Allgemeine Gesch\u00e4ftsbedingungen"},"content":{"rendered":"<p><\/p>\n\t<section class=\"section\" id=\"section_68098537\">\n\t\t<div class=\"bg section-bg fill bg-fill  bg-loaded\" >\n\n\t\t\t\n\t\t\t\n\t\t\t\n\n\t\t<\/div>\n\n\t\t<div class=\"section-content relative\">\n\t\t\t\n\n\t<div id=\"gap-1436791200\" class=\"gap-element clearfix\" style=\"display:block; height:auto;\">\n\t\t\n<style>\n#gap-1436791200 {\n  padding-top: 40px;\n}\n<\/style>\n\t<\/div>\n\t\n\n<div class=\"row align-center\"  id=\"row-185402703\">\n\n\n\t<div id=\"col-331716335\" class=\"col medium-10 small-11 large-8\"  >\n\t\t<div class=\"col-inner text-center\"  >\n\t\t\t\n\t\t\t\n\n\t<div id=\"gap-879291159\" class=\"gap-element clearfix\" style=\"display:block; height:auto;\">\n\t\t\n<style>\n#gap-879291159 {\n  padding-top: 10px;\n}\n<\/style>\n\t<\/div>\n\t\n\n\t<div id=\"text-3339519889\" class=\"text\">\n\t\t\n\n<h1>Allgemeine Gesch\u00e4ftsbedingungen<br>Hermsen Legal B.V.<\/h1>\n\t\t\n<style>\n#text-3339519889 {\n  font-size: 1.8rem;\n}\n<\/style>\n\t<\/div>\n\t\n\n\t\t<\/div>\n\t\t\t<\/div>\n\n\t\n\n<\/div>\n\n\t\t<\/div>\n\n\t\t\n<style>\n#section_68098537 {\n  padding-top: 40px;\n  padding-bottom: 40px;\n  background-color: rgb(252, 248, 243);\n}\n@media (min-width:550px) {\n  #section_68098537 {\n    padding-top: 50px;\n    padding-bottom: 50px;\n  }\n}\n@media (min-width:850px) {\n  #section_68098537 {\n    padding-top: 50px;\n    padding-bottom: 50px;\n  }\n}\n<\/style>\n\t<\/section>\n\t\n\t<section class=\"section\" id=\"section_554149411\">\n\t\t<div class=\"bg section-bg fill bg-fill  bg-loaded\" >\n\n\t\t\t\n\t\t\t\n\t\t\t\n\n\t\t<\/div>\n\n\t\t<div class=\"section-content relative\">\n\t\t\t\n\n<div class=\"row align-equal align-center\"  id=\"row-1707377321\">\n\n\n\t<div id=\"col-1796818951\" class=\"col medium-12 small-12 large-10\"  >\n\t\t<div class=\"col-inner\"  >\n\t\t\t\n\t\t\t\n\n<h3><strong>Definitionen<\/strong><\/h3>\n<p>1. Hermsen Legal B.V., nachstehend &#8222;Hermsen Legal&#8220;, ist eine Gesellschaft nach niederl\u00e4ndischem Recht mit beschr\u00e4nkter Haftung mit Sitz in Oosterbeek, deren Hauptzweck die Aus\u00fcbung der Rechtsanwaltst\u00e4tigkeit ist. Hermsen Legal erbringt juristische Dienstleistungen auf Grundlage einer Mandatsvereinbarung, nachstehend &#8222;Vereinbarung&#8220;. Jede Person, die Hermsen Legal einen Auftrag erteilt, wird im Folgenden als &#8222;Mandant&#8220; bezeichnet.<\/p>\n<h3>Vereinbarung: Inhalt, Zustandekomen, Ausf\u00fchrung<\/h3>\n<p>2. Alle Auftr\u00e4ge gelten ausschlie\u00dflich als an Hermsen Legal erteilt und von dieser angenommen. Ein Auftrag wird ausdr\u00fccklich nicht mit (einem) Mitarbeiter(n) oder (indirekten) Gesch\u00e4ftsf\u00fchrer von Hermsen Legal geschlossen. Die Wirkung der Artikel 7:404 und 7:407 Absatz 2 des niederl\u00e4ndischen B\u00fcrgerlichen Gesetzbuchs, die eine gesamtschuldnerische Haftung f\u00fcr den Fall vorsehen, dass ein Auftrag an zwei oder mehr Personen erteilt wird, ist ausgeschlossen.<\/p>\n<p>3. Diese Mandatsbedingungen gelten f\u00fcr jeden Auftrag, Folgeauftrag oder ge\u00e4nderten oder zus\u00e4tzlichen Auftrag an Hermsen Legal. Der Anwendbarkeit allgemeiner oder anderer Gesch\u00e4ftsbedingungen des Mandanten wird ausdr\u00fccklich widersprochen.<\/p>\n<p>4. Auftr\u00e4ge werden von Hermsen Legal ausschlie\u00dflich f\u00fcr den Mandanten ausgef\u00fchrt Dritte k\u00f6nnen aus dem Inhalt der geleisteten T\u00e4tigkeiten keine Rechte ableiten.<\/p>\n<p> <br>5. Nicht nur Hermsen Legal, sondern auch alle (juristischen) Personen, die an der Ausf\u00fchrung eines Auftrags eines Mandanten beteiligt sind oder die in irgendeiner Weise mit Hermsen Legal verbunden sind oder waren, k\u00f6nnen sich auf diese Allgemeinen Mandatsbedingungen berufen.<br> <\/p>\n<p>6. Hermsen Legal f\u00fchrt den Auftrag eines Mandanten mit der erforderlichen Sorgfalt und Sachkenntnis aus. Hermsen Legal \u00fcbernimmt jedoch keine Verpflichtung f\u00fcr das Erreichen des gew\u00fcnschten Ergebnisses. Der Mandant ist verpflichtet, alle Tatsachen und Umst\u00e4nde, die f\u00fcr die ordnungsgem\u00e4\u00dfe Erf\u00fcllung des Auftrages von Bedeutung sein k\u00f6nnen, sowie alle von Hermsen Legal angeforderten Daten und Informationen rechtzeitig und vollst\u00e4ndig zur Verf\u00fcgung zu stellen. Der Mandant versichert die Richtigkeit und Vollst\u00e4ndigkeit aller Hermsen Legal zur Verf\u00fcgung gestellten Daten und Informationen.<\/p>\n<p>7. Dem Mandanten ist bekannt, dass Hermsen Legal u.a. (aber nicht abschlie\u00dfend) aufgrund der Verpflichtungen aus dem Wwft\/GWG verpflichtet ist, die Identit\u00e4t des Mandanten festzustellen bzw. zu pr\u00fcfen, ob es sich um ein meldepflichtiges Gesch\u00e4ft handelt. Hermsen Legal ist verpflichtet, meldepflichtige Gesch\u00e4fte den zust\u00e4ndigen Beh\u00f6rden zu melden, ohne den Mandanten hier\u00fcber zu informieren. Der Mandant ist verpflichtet, Hermsen Legal alle zur Identifizierung notwendigen Informationen zur Verf\u00fcgung zu stellen.<\/p>\n<p>8. Der Mandant und Hermsen Legal haben jederzeit das Recht, den Auftrag vorzeitig zu beenden.<\/p>\n<h3>Haftung<\/h3>\n<p>9. Hermsen Legal hat eine Berufshaftpflichtversicherung, die einen H\u00f6chstbetrag umfasst. Jegliche Haftung f\u00fcr T\u00e4tigkeiten, die von oder im Namen von Hermsen Legal oder bei ihr t\u00e4tigen Rechtsanw\u00e4ltin ausgef\u00fchrt werden oder ausgef\u00fchrt werden sollen, oder die in irgendeiner anderen Weise mit einem Hermsen Legal erteilten Auftrag oder einem anderen von Hermsen Legal eingegangenen Rechtsverh\u00e4ltnis in Bezug auf T\u00e4tigkeiten zusammenh\u00e4ngen, ist auf den Betrag begrenzt, der in dem betreffenden Fall im Rahmen der von Hermsen Legal abgeschlossenen Haftpflichtversicherung(en) ausgezahlt wird, zuz\u00fcglich des Selbstbehaltes. Auf Anfrage erh\u00e4lt der Mandant Einsicht in die Versicherungsbedingungen. Wenn aus irgendeinem Grund keine Zahlung aus der genannten Versicherung erfolgt, beschr\u00e4nkt sich die Haftung von Hermsen Legal und der bei ihr t\u00e4tigen Rechtsanw\u00e4ltin auf das Honorar, das Hermsen Legal dem Mandanten im Zusammenhang mit dem konkreten Auftrag in Rechnung stellt, bis zu einem H\u00f6chstbetrag von 20.000 \u20ac. Die in diesem Artikel beschriebenen Haftungsbeschr\u00e4nkungen gelten nicht im Falle von Vorsatz oder bewusster Fahrl\u00e4ssigkeit von Hermsen Legal.<\/p>\n<p>10. Der Mandant stellt Hermsen Legal von allen Anspr\u00fcchen Dritter frei, einschlie\u00dflich der Kosten f\u00fcr Rechtsbeistand, die in irgendeiner Weise mit der f\u00fcr den Mandanten ausgef\u00fchrten T\u00e4tigkeiten zusammenh\u00e4ngen. Die in diesem Artikel beschriebenen Haftungsbeschr\u00e4nkungen gelten nicht im Falle von Vorsatz oder bewusster Fahrl\u00e4ssigkeit seitens Hermsen Legal.<\/p>\n<p>11. Alle Forderungen, gleich welcher Art, gegen\u00fcber Hermsen Legal in Bezug auf die von Hermsen Legal ausgef\u00fchrten T\u00e4tigkeiten verj\u00e4hren in jedem Fall ein Jahr nach dem Zeitpunkt, an dem die betreffende Person von der Existenz dieser Rechte Kenntnis erlangt hat oder vern\u00fcnftigerweise h\u00e4tte erlangen k\u00f6nnen.<\/p>\n<p>12. Bedient sich Hermsen Legal bei der Ausf\u00fchrung des Vertrags Dritter, wird sie dies stets mit der gebotenen Sorgfalt tun. Hermsen Legal haftet nicht f\u00fcr etwaige Unzul\u00e4nglichkeiten, Fehler und\/oder unrechtm\u00e4\u00dfige Handlungen der eingeschalteten Dritten. Bei der Beauftragung eines Dritten ist Hermsen Legal berechtigt, eine eventuelle Haftungsbeschr\u00e4nkung des Dritten auch im Namen des Mandanten zu akzeptieren.<\/p>\n<h3>Honorar<\/h3>\n<p>13. Der Mandant schuldet Hermsen Legal eine Verg\u00fctung f\u00fcr die erbrachten Dienstleistungen, bestehend aus:<\/p>\n<p>(i) Honorar und<\/p>\n<p>ii) Auslagen, d.h. alle Kosten, die Hermsen Legal bei der Ausf\u00fchrung des ihr erteilten Auftrags entstanden sind.<\/p>\n<p>Das Honorar errechnet sich aus der Anzahl der geleisteten Arbeitsstunden multipliziert mit dem von Hermsen Legal festgesetzten Stundensatz. Hermsen Legal ist berechtigt, die H\u00f6he des Stundensatzes zwischenzeitlich anzupassen. . Die angepassten S\u00e4tze gelten auch f\u00fcr bestehende Auftr\u00e4ge.<\/p>\n<p>14. Hermsen Legal ist nicht beim Legal Aid Board (www.rvr.org) registriert und erbringt keine Dienstleistungen auf Grundlage von staatlich subventionierter Prozesskostenhilfe, selbst wenn der Mandant daf\u00fcr in Betracht kommt. Hermsen Legal ist nicht mit einer Stiftung f\u00fcr Drittmittel verbunden.<\/p>\n<h3>Rechnungstellung, Zahlung<\/h3>\n<p>15. Hermsen Legal schickt dem Mandanten eine Rechnung, in der die vom Mandanten zu zahlende finanzielle Verg\u00fctung f\u00fcr die Leistungen von Hermsen Legal, soweit m\u00f6glich, nach Zeit und Inhalt der T\u00e4tigkeiten angegeben ist.<\/p>\n<p>16. Hermsen Legal kann jederzeit, sowohl vor als auch w\u00e4hrend der Erbringung ihrer Dienstleistungen, vom Mandanten einen Vorschuss auf die Verg\u00fctung verlangen. In Ermangelung einer solchen Zahlung ist Hermsen Legal berechtigt, nach vorheriger Ank\u00fcndigung ihre T\u00e4tigkeit nicht aufzunehmen, auszusetzen oder zu beenden. Sofern nicht ausdr\u00fccklich etwas anderes vereinbart wurde, wird der Vorschuss mit der Schlussrechnung verrechnet.<\/p>\n<p>17. Sofern nichts anderes schriftlich vereinbart wurde, hat die Zahlung innerhalb von 14 Tagen nach Rechnungsdatum zu erfolgen, andernfalls ist der Mandant von Rechts wegen in Verzug. Im Falle des Verzugs schuldet der Mandant Verzugszinsen auf den (unbezahlten Teil des) Rechnungsbetrag(s) einschlie\u00dflich Mehrwertsteuer in H\u00f6he von 1 % pro Monat oder Teil eines Monats, berechnet ab dem F\u00e4lligkeitsdatum bis zum Tag der Zahlung. Hermsen Legal ist au\u00dferdem berechtigt, im Falle des Verzugs ihre T\u00e4tigkeit auszusetzen oder zu beenden.<\/p>\n<p>18. Der Mandant kann sich nicht mehr auf die Unrichtigkeit einer Rechnung berufen, wenn er nicht innerhalb von 14 Tagen nach Erhalt der Rechnung bei Hermsen Legal die Rechnung reklamiert hat<\/p>\n<p>19. Sollte Hermsen Legal ihre Forderung in einem gerichtlichen Verfahren (einschlie\u00dflich Schiedsverfahren und verbindlicher Beratung) geltend gemacht haben und dabei ganz oder teilweise erfolgreich sein, ist der Mandant verpflichtet, Hermsen Legal die in diesem Verfahren tats\u00e4chlich entstandenen Kosten zu erstatten. Darunter fallen die Kosten f\u00fcr Rechtsberatung, Prozessbevollm\u00e4chtigte, die Honorare von Schiedsrichtern oder verbindlichen Beratern, auch wenn diese etwaige Verfahrenskostenbeschl\u00fcsse gem\u00e4\u00df Artikel 237 und folgende der niederl\u00e4ndischen Zivilprozessordnung \u00fcbersteigen. <\/p>\n<h3>Geheimhaltung, Datenschutz<\/h3>\n<p>20. Hermsen Legal und der Mandant verpflichten sich gegenseitig, alle vertraulichen Informationen, die sie im Zusammenhang mit dem Auftrag von der jeweils anderen Partei erhalten haben, vertraulich zu behandeln, es sei denn, die Offenlegung ist aufgrund geltender Gesetze oder Vorschriften erforderlich.<\/p>\n<p>21. Hermsen Legal ist Datenverantwortlicher im Sinne der Allgemeinen Datenschutzgrundverordnung (DSGVO). Sie verarbeitet personenbezogene Daten wie in der Datenschutzerkl\u00e4rung von Hermsen Legal beschrieben. Diese finden sie unter www.Hermsenlegal.nl\/privacy.<\/p>\n<p>22. Der gesamte E-Mail-, Daten-, Audio-, Fax- und Telefonverkehr von Hermsen Legal erfolgt unverschl\u00fcsselt, es sei denn, der Mandant hat im Voraus ausdr\u00fccklich schriftlich etwas anderes verlangt und Hermsen Legal hat schriftlich best\u00e4tigt, hiermit einverstanden zu sein.<\/p>\n<h3>Beschwerdeverfahren<\/h3>\n<p>23. Die von Hermsen Legal geleistete Arbeit unterliegt dem Beschwerdeverfahren von Hermsen Legal. Dieses kann unter www.hermsenlegal.nl\/Beschwerdeverfahren eingesehen werden.<\/p>\n<h3>Anwendbares Recht, Gerichtsstand<\/h3>\n<p>24. Auf das Auftragsverh\u00e4ltnis zwischen dem Mandanten und Hermsen Legal ist ausschliesslich niederl\u00e4ndisches Recht anwendbar.<\/p>\n<p>25. Alle zwischen dem Mandanten und Hermsen Legal entstehenden Streitigkeiten, die nicht zur Zufriedenheit beider Parteien g\u00fctlich beigelegt werden k\u00f6nnen, werden ausschlie\u00dflich vom zust\u00e4ndigen Gericht des Bezirksgerichts Gelderland, Standort Arnheim, entschieden. Handelt es sich bei dem Mandanten um eine nat\u00fcrliche Person, die nicht in Aus\u00fcbung eines Berufes oder Betriebes handelt, so gelten die vorgenannten Bestimmungen nur insoweit, als der Mandant nicht innerhalb eines Monats, nachdem Hermsen Legal ihn schriftlich \u00fcber die Einleitung eines (Inkasso-)Verfahrens beim Gericht Arnheim benachrichtigt hat, zu erkennen gibt, dass er sich f\u00fcr eine Schlichtung durch das gesetzlich zust\u00e4ndige Gericht entscheidet (siehe Artikel 6:236 unter n des niederl\u00e4ndischen B\u00fcrgerlichen Gesetzbuches).<\/p>\n<h3>Sonstiges<\/h3>\n<p>26. Hermsen Legal hat das Recht diese Mandatsbedingungen zu \u00e4ndern.<\/p>\n<p>27. Sollte eine oder mehrere Bestimmungen der Vereinbarung oder dieser Allgemeinen Mandatsbedingungen ganz oder teilweise unwirksam oder undurchf\u00fchrbar sein, so werden sie hiermit im Voraus durch Bestimmungen ersetzt, auf die dies nicht zutrifft und die so weit wie m\u00f6glich dasselbe regeln wie die unwirksame oder undurchf\u00fchrbare Bestimmung. Soweit erforderlich, werden sich die Parteien nach Treu und Glauben \u00fcber den genauen Wortlaut solcher Ersatzbestimmungen abstimmen.<\/p>\n<p>28. Diese Mandatsbedingungen sind in deutscher, englischer und niederl\u00e4ndischer Sprache abgefasst. Bei Abweichungen in Inhalt und\/oder Bedeutung ist der niederl\u00e4ndische Text verbindlich. Die Bedingungen k\u00f6nnen auf der Website von Hermsen Legal eingesehen werden und werden auf Anfrage zugesandt.<\/p>\n<p><strong>Genderhinweis: Aus Gr\u00fcnden der besseren Lesbarkeit wird auf die gleichzeitige Verwendung der Sprachformen m\u00e4nnlich, weiblich und divers (m\/w\/d) verzichtet.<\/strong> S\u00e4mtliche Personenbezeichnungen gelten gleicherma\u00dfen f\u00fcr alle Geschlechter.<\/p>\n<p> <\/p>\n<p> <\/p>\n<p>Das Datum, an dem die allgemeine Vereinbarung f\u00fcr den zuk\u00fcnftigen Termin getroffen wird, ist: 1. September 2023<\/p>\n\n\t\t<\/div>\n\t\t\t<\/div>\n\n\t\n\n\n<style>\n#row-1707377321 > .col > .col-inner {\n  padding: 40px 40px 20px 40px;\n  background-color: rgb(255,255,255);\n}\n@media (min-width:850px) {\n  #row-1707377321 > .col > .col-inner {\n    padding: 60px 60px 40px 60px;\n  }\n}\n<\/style>\n<\/div>\n\n\t\t<\/div>\n\n\t\t\n<style>\n#section_554149411 {\n  padding-top: 40px;\n  padding-bottom: 40px;\n  background-color: rgb(252, 248, 243);\n}\n<\/style>\n\t<\/section>\n\t<!-- \/wp:post-content -->","protected":false},"excerpt":{"rendered":"","protected":false},"author":3,"featured_media":0,"parent":0,"menu_order":0,"comment_status":"closed","ping_status":"closed","template":"page-blank.php","meta":{"footnotes":""},"class_list":["post-1781","page","type-page","status-publish","hentry"],"_links":{"self":[{"href":"https:\/\/hermsenlegal.nl\/de\/wp-json\/wp\/v2\/pages\/1781","targetHints":{"allow":["GET"]}}],"collection":[{"href":"https:\/\/hermsenlegal.nl\/de\/wp-json\/wp\/v2\/pages"}],"about":[{"href":"https:\/\/hermsenlegal.nl\/de\/wp-json\/wp\/v2\/types\/page"}],"author":[{"embeddable":true,"href":"https:\/\/hermsenlegal.nl\/de\/wp-json\/wp\/v2\/users\/3"}],"replies":[{"embeddable":true,"href":"https:\/\/hermsenlegal.nl\/de\/wp-json\/wp\/v2\/comments?post=1781"}],"version-history":[{"count":5,"href":"https:\/\/hermsenlegal.nl\/de\/wp-json\/wp\/v2\/pages\/1781\/revisions"}],"predecessor-version":[{"id":1786,"href":"https:\/\/hermsenlegal.nl\/de\/wp-json\/wp\/v2\/pages\/1781\/revisions\/1786"}],"wp:attachment":[{"href":"https:\/\/hermsenlegal.nl\/de\/wp-json\/wp\/v2\/media?parent=1781"}],"curies":[{"name":"wp","href":"https:\/\/api.w.org\/{rel}","templated":true}]}}